{"id":1772,"date":"2020-09-25T19:00:54","date_gmt":"2020-09-25T17:00:54","guid":{"rendered":"https:\/\/www.agricampeggiopadova.it\/contacts\/"},"modified":"2025-09-13T10:36:03","modified_gmt":"2025-09-13T08:36:03","slug":"contacts","status":"publish","type":"page","link":"https:\/\/www.agricampeggiopadova.it\/fr\/contacts\/","title":{"rendered":"Contacts"},"content":{"rendered":"\n<style type=\"text\/css\" data-created_by=\"avia_inline_auto\" id=\"style-css-av-copj6-94e8a755a76df943b81116bbc4bd949b\">\n.avia-section.av-copj6-94e8a755a76df943b81116bbc4bd949b{\nbackground-repeat:no-repeat;\nbackground-image:url(https:\/\/www.agricampeggiopadova.it\/wp-content\/uploads\/2020\/07\/reception01.jpg);\nbackground-position:50% 50%;\nbackground-attachment:scroll;\n}\n.avia-section.av-copj6-94e8a755a76df943b81116bbc4bd949b .av-section-color-overlay{\nopacity:0.3;\nbackground-color:#0a0a0a;\n}\n<\/style>\n<div id='av_section_1'  class='avia-section av-copj6-94e8a755a76df943b81116bbc4bd949b main_color avia-section-default avia-no-shadow  avia-builder-el-0  el_before_av_section  avia-builder-el-first  avia-full-stretch avia-bg-style-scroll av-section-color-overlay-active av-minimum-height av-minimum-height-50 av-height-50  container_wrap sidebar_right'  data-section-bg-repeat='stretch' data-av_minimum_height_pc='50' data-av_min_height_opt='50'><div class=\"av-section-color-overlay-wrap\"><div class=\"av-section-color-overlay\"><\/div><div class='container av-section-cont-open' ><main  role=\"main\" itemprop=\"mainContentOfPage\"  class='template-page content  av-content-small alpha units'><div class='post-entry post-entry-type-page post-entry-1772'><div class='entry-content-wrapper clearfix'>\n\n<style type=\"text\/css\" data-created_by=\"avia_inline_auto\" id=\"style-css-av-kc4wisg3-415169e60573d95994c81886e94ad7bc\">\n#top .av-special-heading.av-kc4wisg3-415169e60573d95994c81886e94ad7bc{\npadding-bottom:0;\ncolor:#ffffff;\nfont-size:60px;\n}\nbody .av-special-heading.av-kc4wisg3-415169e60573d95994c81886e94ad7bc .av-special-heading-tag .heading-char{\nfont-size:25px;\n}\n#top #wrap_all .av-special-heading.av-kc4wisg3-415169e60573d95994c81886e94ad7bc .av-special-heading-tag{\nfont-size:60px;\n}\n.av-special-heading.av-kc4wisg3-415169e60573d95994c81886e94ad7bc .special-heading-inner-border{\nborder-color:#ffffff;\n}\n.av-special-heading.av-kc4wisg3-415169e60573d95994c81886e94ad7bc .av-subheading{\nfont-size:18px;\n}\n\n@media only screen and (min-width: 480px) and (max-width: 767px){ \n#top #wrap_all .av-special-heading.av-kc4wisg3-415169e60573d95994c81886e94ad7bc .av-special-heading-tag{\nfont-size:0.8em;\n}\n}\n\n@media only screen and (max-width: 479px){ \n#top #wrap_all .av-special-heading.av-kc4wisg3-415169e60573d95994c81886e94ad7bc .av-special-heading-tag{\nfont-size:0.8em;\n}\n}\n<\/style>\n<div  class='av-special-heading av-kc4wisg3-415169e60573d95994c81886e94ad7bc av-special-heading-h1 custom-color-heading blockquote modern-quote  avia-builder-el-1  avia-builder-el-no-sibling  av-inherit-size'><h1 class='av-special-heading-tag '  itemprop=\"headline\"  >Contacts et adresses<\/h1><div class='av_custom_color av-subheading av-subheading_below'><p>Comment nous joindre et comment nous contacter<\/p>\n<\/div><div class=\"special-heading-border\"><div class=\"special-heading-inner-border\"><\/div><\/div><\/div>\n\n<\/div><\/div><\/main><!-- close content main element --><\/div><\/div><\/div><div id='av_section_2'  class='avia-section av-brh06-c226731c215581581a623bfb7c361290 main_color avia-section-default avia-no-shadow  avia-builder-el-2  el_after_av_section  el_before_av_google_map  avia-bg-style-scroll container_wrap sidebar_right'  ><div class='container av-section-cont-open' ><div class='template-page content  av-content-small alpha units'><div class='post-entry post-entry-type-page post-entry-1772'><div class='entry-content-wrapper clearfix'>\n<div  class='flex_column av-13xae-8f0fa9e66e1dec95b22192e82bf29599 av_one_half  avia-builder-el-3  el_before_av_one_half  avia-builder-el-first  first flex_column_div  '     ><p>\n<style type=\"text\/css\" data-created_by=\"avia_inline_auto\" id=\"style-css-av-av_heading-68ee04700527c689510eb8bd430c11d1\">\n#top .av-special-heading.av-av_heading-68ee04700527c689510eb8bd430c11d1{\npadding-bottom:10px;\n}\nbody .av-special-heading.av-av_heading-68ee04700527c689510eb8bd430c11d1 .av-special-heading-tag .heading-char{\nfont-size:25px;\n}\n.av-special-heading.av-av_heading-68ee04700527c689510eb8bd430c11d1 .av-subheading{\nfont-size:15px;\n}\n<\/style>\n<div  class='av-special-heading av-av_heading-68ee04700527c689510eb8bd430c11d1 av-special-heading-h3 blockquote modern-quote  avia-builder-el-4  el_before_av_textblock  avia-builder-el-first '><h3 class='av-special-heading-tag '  itemprop=\"headline\"  >O\u00f9 nous sommes<\/h3><div class=\"special-heading-border\"><div class=\"special-heading-inner-border\"><\/div><\/div><\/div><br \/>\n<section  class='av_textblock_section av-kc4wymdt-b53dca123586c9bbb8885f1a8d19260d '   itemscope=\"itemscope\" itemtype=\"https:\/\/schema.org\/CreativeWork\" ><div class='avia_textblock'  itemprop=\"text\" ><p><strong><em>Agri<\/em>Campeggio Padova<\/strong><\/p>\n\n<style type=\"text\/css\" data-created_by=\"avia_inline_auto\" id=\"style-css-av-l5l0t-1f5dcbc3c5c8e6ed2983d132922b67d7\">\n.av_font_icon.av-l5l0t-1f5dcbc3c5c8e6ed2983d132922b67d7 .av-icon-char{\nfont-size:23px;\nline-height:23px;\n}\n<\/style>\n<span  class='av_font_icon av-l5l0t-1f5dcbc3c5c8e6ed2983d132922b67d7 avia_animate_when_visible av-icon-style- avia-icon-pos-left av-no-color avia-icon-animate'><span class='av-icon-char' aria-hidden='true' data-av_icon='\ue842' data-av_iconfont='entypo-fontello' ><\/span><\/span>\n<p>Via Medoaco, 16 35136 &#8211; Padova (Veneto &#8211; Italie)<\/p>\n\n<style type=\"text\/css\" data-created_by=\"avia_inline_auto\" id=\"style-css-av-fus71-b759f07ea7b7258162ad94149c39246e\">\n.av_font_icon.av-fus71-b759f07ea7b7258162ad94149c39246e .av-icon-char{\nfont-size:23px;\nline-height:23px;\n}\n<\/style>\n<span  class='av_font_icon av-fus71-b759f07ea7b7258162ad94149c39246e avia_animate_when_visible av-icon-style- avia-icon-pos-left av-no-color avia-icon-animate'><span class='av-icon-char' aria-hidden='true' data-av_icon='\ue854' data-av_iconfont='entypo-fontello' ><\/span><\/span>\n<p><a href=\"tel:+390497966495\">+39 049 9960025<\/a><\/p>\n\n<style type=\"text\/css\" data-created_by=\"avia_inline_auto\" id=\"style-css-av-axj0t-51c03cc8cda2b56911a7cf3f4f8aaec7\">\n.av_font_icon.av-axj0t-51c03cc8cda2b56911a7cf3f4f8aaec7 .av-icon-char{\nfont-size:23px;\nline-height:23px;\n}\n<\/style>\n<span  class='av_font_icon av-axj0t-51c03cc8cda2b56911a7cf3f4f8aaec7 avia_animate_when_visible av-icon-style- avia-icon-pos-left av-no-color avia-icon-animate'><span class='av-icon-char' aria-hidden='true' data-av_icon='\ue805' data-av_iconfont='entypo-fontello' ><\/span><\/span>\n<p><a href=\"mailto:info@agricampeggiopadova.it\">info@agricampeggiopadova.it<\/a><\/p>\n<\/div><\/section><br \/>\n<div  class='hr av-kc4x246a-917e7d7f9dae1e5c9aca0070628ecb5d hr-default  avia-builder-el-9  el_after_av_textblock  el_before_av_textblock '><span class='hr-inner '><span class=\"hr-inner-style\"><\/span><\/span><\/div><br \/>\n<section  class='av_textblock_section av-kc4wymdt-7c5fa424b4674fcbf29847e657ca2253 '   itemscope=\"itemscope\" itemtype=\"https:\/\/schema.org\/CreativeWork\" ><div class='avia_textblock'  itemprop=\"text\" ><p><strong>Comment avoir<\/strong><\/p>\n<p>Pour ceux qui arrivent de l&rsquo;autoroute, le camping est situ\u00e9 \u00e0 environ 500 m\u00e8tres de la sortie de l&rsquo;autoroute A4 \u00e0 Padova Ovest.<\/p>\n<\/div><\/section><\/p><\/div><div  class='flex_column av-13xae-fd5773aff8607f95560bf7c83dd070b0 av_one_half  avia-builder-el-11  el_after_av_one_half  avia-builder-el-last  flex_column_div  '     ><form action=\"https:\/\/www.agricampeggiopadova.it\/fr\/contacts\/\" method=\"post\" data-fields-with-error=\"Erreurs trouv\u00e9es dans les champs suivants :\" class=\"avia_ajax_form av-form-labels-hidden   avia-builder-el-12  avia-builder-el-no-sibling   \" data-avia-form-id=\"1\" data-avia-redirect='' ><h3 class=''>Envoie-nous un message<\/h3><fieldset><p class='  first_form  form_element form_fullwidth' id='element_avia_1_1'><label for=\"avia_1_1\">Nome <abbr class=\"required\" title=\"requis(e)\">*<\/abbr><\/label> <input name=\"avia_1_1\" class=\"text_input is_empty\" type=\"text\" id=\"avia_1_1\" value=\"\"  placeholder='Nome*'\/><\/p><p class='  first_form  form_element form_fullwidth' id='element_avia_2_1'><label for=\"avia_2_1\">E-Mail <abbr class=\"required\" title=\"requis(e)\">*<\/abbr><\/label> <input name=\"avia_2_1\" class=\"text_input is_email\" type=\"text\" id=\"avia_2_1\" value=\"\"  placeholder='E-Mail*'\/><\/p><p class='  first_form  form_element form_fullwidth' id='element_avia_3_1'><label for=\"avia_3_1\">T\u00e9l\u00e9phone<\/label> <input name=\"avia_3_1\" class=\"text_input \" type=\"text\" id=\"avia_3_1\" value=\"\"  placeholder='T\u00e9l\u00e9phone'\/><\/p><p class='  first_form  form_element form_fullwidth' id='element_avia_4_1'><label for=\"avia_4_1\" class=\"textare_label hidden textare_label_avia_4_1\">Message <abbr class=\"required\" title=\"requis(e)\">*<\/abbr><\/label><textarea  placeholder='Message*' name=\"avia_4_1\" class=\"text_area is_empty\" cols=\"40\" rows=\"7\" id=\"avia_4_1\" ><\/textarea><\/p><p class=\"hidden\"><input type=\"text\" name=\"avia_5_1\" class=\"hidden \" id=\"avia_5_1\" value=\"\" \/><\/p><div id='avia_6_1' class='av-recaptcha-area  first_form  form_element form_fullwidth av-last-visible-form-element '  data-container_class=\"\" data-custom_class=\"\" data-context=\"av_contact_form\" data-token_input=\"av_recaptcha_token\" data-version=\"avia_recaptcha_v3\" data-theme=\"light\" data-size=\"normal\" data-score=\"0.5\" data-text_to_preview=\"\" data-value=\"\"><div class=\"av-google-badge-message hidden\">Ce site est prot\u00e9g\u00e9 par reCAPTCHA et la <a href=\"https:\/\/policies.google.com\/privacy\">politique de confidentialit\u00e9<\/a> de Google et <a href=\"https:\/\/policies.google.com\/terms\">leur conditions d\u2019utilisation<\/a> s\u2019appliquent.<\/div><\/div><p class=' av_form_privacy_check av_contact_privacy_check first_form  form_element form_fullwidth' id='element_avia_7_1'><input  name=\"avia_7_1\" class=\"input_checkbox is_empty\" type=\"checkbox\" id=\"avia_7_1\" value=\"true\"\/><label class=\"input_checkbox_label\" for=\"avia_7_1\">J'accepte les termes et conditions \u00e9tablis sur la <a href='https:\/\/www.agricampeggiopadova.it\/privacy-policy\/' target='_blank'>Politique de confidentialit\u00e9<\/a> (GDPR Ue 2016\/679) <abbr class=\"required\" title=\"requis(e)\">*<\/abbr><\/label><\/p><p class=\"form_element \"><input type=\"hidden\" value=\"1\" name=\"avia_generated_form1\" \/><input type=\"submit\" value=\"Soumettez votre demande\" class=\"button\"  data-sending-label=\"Envoi\"\/><\/p><\/fieldset><div class=\"avia-disabled-form\">Ce formulaire est d\u00e9sactiv\u00e9 dans la mesure o\u00f9 vous refusez d\u2019accepter le service Google reCAPTCHA n\u00e9cessaire pour valider toute exp\u00e9dition de message depuis celui-ci.<\/div><\/form><div id=\"ajaxresponse_1\" class=\"ajaxresponse ajaxresponse_1 hidden\"><\/div><\/div><div  class='av_gmaps_sc_main_wrap av_gmaps_main_wrap '><div id='av_gmap_0' class='avia-google-map-container avia-google-map-sc av_gmaps_show_unconditionally av-no-fallback-img ' data-mapid='av_gmap_0'  style='height: 400px;'><a class=\"av_gmaps_browser_disabled av_text_confirm_link av_text_confirm_link_visible\" href=\"https:\/\/www.google.com\/maps\/search\/?api=1&#038;query=Via%20Medoaco,%201,%2035136%20Padova%20PD%2035136%20Padova\" target=\"_blank\">Les cartes ont \u00e9t\u00e9 d\u00e9sactiv\u00e9es par le visiteur sur ce site. Cliquer pour ouvrir la carte dans une nouvelle fen\u00eatre.<\/a><\/div><\/div><\/p>\n","protected":false},"excerpt":{"rendered":"","protected":false},"author":1,"featured_media":0,"parent":0,"menu_order":0,"comment_status":"open","ping_status":"open","template":"","meta":{"footnotes":""},"class_list":["post-1772","page","type-page","status-publish","hentry"],"yoast_head":"<!-- This site is optimized with the Yoast SEO plugin v27.5 - https:\/\/yoast.com\/product\/yoast-seo-wordpress\/ -->\n<title>Contacts - Agricampeggio Padova<\/title>\n<meta name=\"robots\" content=\"index, follow, max-snippet:-1, max-image-preview:large, max-video-preview:-1\" \/>\n<link rel=\"canonical\" href=\"https:\/\/www.agricampeggiopadova.it\/fr\/contacts\/\" \/>\n<meta property=\"og:locale\" content=\"fr_FR\" \/>\n<meta property=\"og:type\" content=\"article\" \/>\n<meta property=\"og:title\" content=\"Contacts - Agricampeggio Padova\" \/>\n<meta property=\"og:url\" content=\"https:\/\/www.agricampeggiopadova.it\/fr\/contacts\/\" \/>\n<meta property=\"og:site_name\" content=\"Agricampeggio Padova\" \/>\n<meta property=\"article:modified_time\" content=\"2025-09-13T08:36:03+00:00\" \/>\n<meta name=\"twitter:card\" content=\"summary_large_image\" \/>\n<meta name=\"twitter:label1\" content=\"Dur\u00e9e de lecture estim\u00e9e\" \/>\n\t<meta name=\"twitter:data1\" content=\"1 minute\" \/>\n<script type=\"application\/ld+json\" class=\"yoast-schema-graph\">{\"@context\":\"https:\\\/\\\/schema.org\",\"@graph\":[{\"@type\":\"WebPage\",\"@id\":\"https:\\\/\\\/www.agricampeggiopadova.it\\\/fr\\\/contacts\\\/\",\"url\":\"https:\\\/\\\/www.agricampeggiopadova.it\\\/fr\\\/contacts\\\/\",\"name\":\"Contacts - Agricampeggio Padova\",\"isPartOf\":{\"@id\":\"https:\\\/\\\/www.agricampeggiopadova.it\\\/fr\\\/#website\"},\"datePublished\":\"2020-09-25T17:00:54+00:00\",\"dateModified\":\"2025-09-13T08:36:03+00:00\",\"breadcrumb\":{\"@id\":\"https:\\\/\\\/www.agricampeggiopadova.it\\\/fr\\\/contacts\\\/#breadcrumb\"},\"inLanguage\":\"fr-FR\",\"potentialAction\":[{\"@type\":\"ReadAction\",\"target\":[\"https:\\\/\\\/www.agricampeggiopadova.it\\\/fr\\\/contacts\\\/\"]}]},{\"@type\":\"BreadcrumbList\",\"@id\":\"https:\\\/\\\/www.agricampeggiopadova.it\\\/fr\\\/contacts\\\/#breadcrumb\",\"itemListElement\":[{\"@type\":\"ListItem\",\"position\":1,\"name\":\"Home\",\"item\":\"https:\\\/\\\/www.agricampeggiopadova.it\\\/fr\\\/\"},{\"@type\":\"ListItem\",\"position\":2,\"name\":\"Contacts\"}]},{\"@type\":\"WebSite\",\"@id\":\"https:\\\/\\\/www.agricampeggiopadova.it\\\/fr\\\/#website\",\"url\":\"https:\\\/\\\/www.agricampeggiopadova.it\\\/fr\\\/\",\"name\":\"Agricampeggio Padova\",\"description\":\"Un nuovo Campeggio immerso nella natura\",\"publisher\":{\"@id\":\"https:\\\/\\\/www.agricampeggiopadova.it\\\/fr\\\/#organization\"},\"potentialAction\":[{\"@type\":\"SearchAction\",\"target\":{\"@type\":\"EntryPoint\",\"urlTemplate\":\"https:\\\/\\\/www.agricampeggiopadova.it\\\/fr\\\/?s={search_term_string}\"},\"query-input\":{\"@type\":\"PropertyValueSpecification\",\"valueRequired\":true,\"valueName\":\"search_term_string\"}}],\"inLanguage\":\"fr-FR\"},{\"@type\":\"Organization\",\"@id\":\"https:\\\/\\\/www.agricampeggiopadova.it\\\/fr\\\/#organization\",\"name\":\"Agricampeggio Padova\",\"url\":\"https:\\\/\\\/www.agricampeggiopadova.it\\\/fr\\\/\",\"logo\":{\"@type\":\"ImageObject\",\"inLanguage\":\"fr-FR\",\"@id\":\"https:\\\/\\\/www.agricampeggiopadova.it\\\/fr\\\/#\\\/schema\\\/logo\\\/image\\\/\",\"url\":\"https:\\\/\\\/www.agricampeggiopadova.it\\\/wp-content\\\/uploads\\\/2020\\\/07\\\/logo-header-2.png\",\"contentUrl\":\"https:\\\/\\\/www.agricampeggiopadova.it\\\/wp-content\\\/uploads\\\/2020\\\/07\\\/logo-header-2.png\",\"width\":731,\"height\":350,\"caption\":\"Agricampeggio Padova\"},\"image\":{\"@id\":\"https:\\\/\\\/www.agricampeggiopadova.it\\\/fr\\\/#\\\/schema\\\/logo\\\/image\\\/\"}}]}<\/script>\n<!-- \/ Yoast SEO plugin. -->","yoast_head_json":{"title":"Contacts - Agricampeggio Padova","robots":{"index":"index","follow":"follow","max-snippet":"max-snippet:-1","max-image-preview":"max-image-preview:large","max-video-preview":"max-video-preview:-1"},"canonical":"https:\/\/www.agricampeggiopadova.it\/fr\/contacts\/","og_locale":"fr_FR","og_type":"article","og_title":"Contacts - Agricampeggio Padova","og_url":"https:\/\/www.agricampeggiopadova.it\/fr\/contacts\/","og_site_name":"Agricampeggio Padova","article_modified_time":"2025-09-13T08:36:03+00:00","twitter_card":"summary_large_image","twitter_misc":{"Dur\u00e9e de lecture estim\u00e9e":"1 minute"},"schema":{"@context":"https:\/\/schema.org","@graph":[{"@type":"WebPage","@id":"https:\/\/www.agricampeggiopadova.it\/fr\/contacts\/","url":"https:\/\/www.agricampeggiopadova.it\/fr\/contacts\/","name":"Contacts - Agricampeggio Padova","isPartOf":{"@id":"https:\/\/www.agricampeggiopadova.it\/fr\/#website"},"datePublished":"2020-09-25T17:00:54+00:00","dateModified":"2025-09-13T08:36:03+00:00","breadcrumb":{"@id":"https:\/\/www.agricampeggiopadova.it\/fr\/contacts\/#breadcrumb"},"inLanguage":"fr-FR","potentialAction":[{"@type":"ReadAction","target":["https:\/\/www.agricampeggiopadova.it\/fr\/contacts\/"]}]},{"@type":"BreadcrumbList","@id":"https:\/\/www.agricampeggiopadova.it\/fr\/contacts\/#breadcrumb","itemListElement":[{"@type":"ListItem","position":1,"name":"Home","item":"https:\/\/www.agricampeggiopadova.it\/fr\/"},{"@type":"ListItem","position":2,"name":"Contacts"}]},{"@type":"WebSite","@id":"https:\/\/www.agricampeggiopadova.it\/fr\/#website","url":"https:\/\/www.agricampeggiopadova.it\/fr\/","name":"Agricampeggio Padova","description":"Un nuovo Campeggio immerso nella natura","publisher":{"@id":"https:\/\/www.agricampeggiopadova.it\/fr\/#organization"},"potentialAction":[{"@type":"SearchAction","target":{"@type":"EntryPoint","urlTemplate":"https:\/\/www.agricampeggiopadova.it\/fr\/?s={search_term_string}"},"query-input":{"@type":"PropertyValueSpecification","valueRequired":true,"valueName":"search_term_string"}}],"inLanguage":"fr-FR"},{"@type":"Organization","@id":"https:\/\/www.agricampeggiopadova.it\/fr\/#organization","name":"Agricampeggio Padova","url":"https:\/\/www.agricampeggiopadova.it\/fr\/","logo":{"@type":"ImageObject","inLanguage":"fr-FR","@id":"https:\/\/www.agricampeggiopadova.it\/fr\/#\/schema\/logo\/image\/","url":"https:\/\/www.agricampeggiopadova.it\/wp-content\/uploads\/2020\/07\/logo-header-2.png","contentUrl":"https:\/\/www.agricampeggiopadova.it\/wp-content\/uploads\/2020\/07\/logo-header-2.png","width":731,"height":350,"caption":"Agricampeggio Padova"},"image":{"@id":"https:\/\/www.agricampeggiopadova.it\/fr\/#\/schema\/logo\/image\/"}}]}},"_links":{"self":[{"href":"https:\/\/www.agricampeggiopadova.it\/fr\/wp-json\/wp\/v2\/pages\/1772","targetHints":{"allow":["GET"]}}],"collection":[{"href":"https:\/\/www.agricampeggiopadova.it\/fr\/wp-json\/wp\/v2\/pages"}],"about":[{"href":"https:\/\/www.agricampeggiopadova.it\/fr\/wp-json\/wp\/v2\/types\/page"}],"author":[{"embeddable":true,"href":"https:\/\/www.agricampeggiopadova.it\/fr\/wp-json\/wp\/v2\/users\/1"}],"replies":[{"embeddable":true,"href":"https:\/\/www.agricampeggiopadova.it\/fr\/wp-json\/wp\/v2\/comments?post=1772"}],"version-history":[{"count":7,"href":"https:\/\/www.agricampeggiopadova.it\/fr\/wp-json\/wp\/v2\/pages\/1772\/revisions"}],"predecessor-version":[{"id":3419,"href":"https:\/\/www.agricampeggiopadova.it\/fr\/wp-json\/wp\/v2\/pages\/1772\/revisions\/3419"}],"wp:attachment":[{"href":"https:\/\/www.agricampeggiopadova.it\/fr\/wp-json\/wp\/v2\/media?parent=1772"}],"curies":[{"name":"wp","href":"https:\/\/api.w.org\/{rel}","templated":true}]}}