{"id":1710,"date":"2020-09-25T12:52:43","date_gmt":"2020-09-25T10:52:43","guid":{"rendered":"https:\/\/www.agricampeggiopadova.it\/les-emplacements\/"},"modified":"2022-09-16T08:46:41","modified_gmt":"2022-09-16T06:46:41","slug":"les-emplacements","status":"publish","type":"page","link":"https:\/\/www.agricampeggiopadova.it\/fr\/les-emplacements\/","title":{"rendered":"Les Emplacements"},"content":{"rendered":"\n<style type=\"text\/css\" data-created_by=\"avia_inline_auto\" id=\"style-css-av-lnt0a-7cf7f2ea8ebe723eec0460001537eac8\">\n.avia-section.av-lnt0a-7cf7f2ea8ebe723eec0460001537eac8{\nbackground-repeat:no-repeat;\nbackground-image:url(https:\/\/www.agricampeggiopadova.it\/wp-content\/uploads\/2020\/07\/header-campeggio01.jpg);\nbackground-position:50% 100%;\nbackground-attachment:scroll;\n}\n.avia-section.av-lnt0a-7cf7f2ea8ebe723eec0460001537eac8 .av-section-color-overlay{\nopacity:0.3;\nbackground-color:#0a0a0a;\n}\n<\/style>\n<div id='av_section_1'  class='avia-section av-lnt0a-7cf7f2ea8ebe723eec0460001537eac8 main_color avia-section-default avia-no-shadow  avia-builder-el-0  el_before_av_section  avia-builder-el-first  avia-full-stretch avia-bg-style-scroll av-section-color-overlay-active av-minimum-height av-minimum-height-50 av-height-50  container_wrap sidebar_right'  data-section-bg-repeat='stretch' data-av_minimum_height_pc='50' data-av_min_height_opt='50'><div class=\"av-section-color-overlay-wrap\"><div class=\"av-section-color-overlay\"><\/div><div class='container av-section-cont-open' ><main  role=\"main\" itemprop=\"mainContentOfPage\"  class='template-page content  av-content-small alpha units'><div class='post-entry post-entry-type-page post-entry-1710'><div class='entry-content-wrapper clearfix'>\n\n<style type=\"text\/css\" data-created_by=\"avia_inline_auto\" id=\"style-css-av-l844awgv-683a5835e366692ab4ab575054dddd51\">\n#top .av-special-heading.av-l844awgv-683a5835e366692ab4ab575054dddd51{\npadding-bottom:0;\ncolor:#ffffff;\nfont-size:60px;\n}\nbody .av-special-heading.av-l844awgv-683a5835e366692ab4ab575054dddd51 .av-special-heading-tag .heading-char{\nfont-size:25px;\n}\n#top #wrap_all .av-special-heading.av-l844awgv-683a5835e366692ab4ab575054dddd51 .av-special-heading-tag{\nfont-size:60px;\n}\n.av-special-heading.av-l844awgv-683a5835e366692ab4ab575054dddd51 .special-heading-inner-border{\nborder-color:#ffffff;\n}\n.av-special-heading.av-l844awgv-683a5835e366692ab4ab575054dddd51 .av-subheading{\nfont-size:18px;\n}\n\n@media only screen and (min-width: 480px) and (max-width: 767px){ \n#top #wrap_all .av-special-heading.av-l844awgv-683a5835e366692ab4ab575054dddd51 .av-special-heading-tag{\nfont-size:0.8em;\n}\n}\n\n@media only screen and (max-width: 479px){ \n#top #wrap_all .av-special-heading.av-l844awgv-683a5835e366692ab4ab575054dddd51 .av-special-heading-tag{\nfont-size:0.8em;\n}\n}\n<\/style>\n<div  class='av-special-heading av-l844awgv-683a5835e366692ab4ab575054dddd51 av-special-heading-h1 custom-color-heading blockquote modern-quote modern-centered  avia-builder-el-1  avia-builder-el-no-sibling  av-inherit-size'><h1 class='av-special-heading-tag '  itemprop=\"headline\"  >Nos emplacements<\/h1><div class='av_custom_color av-subheading av-subheading_below'><p>Votre espace dans la nature<\/p>\n<\/div><div class=\"special-heading-border\"><div class=\"special-heading-inner-border\"><\/div><\/div><\/div>\n<\/div><\/div><\/main><!-- close content main element --><\/div><\/div><\/div><div id='av_section_2'  class='avia-section av-kjx1u-6c9b14bd94c11d404306bb500399972b main_color avia-section-default avia-no-border-styling  avia-builder-el-2  el_after_av_section  avia-builder-el-last  avia-bg-style-scroll container_wrap sidebar_right'  ><div class='container av-section-cont-open' ><div class='template-page content  av-content-small alpha units'><div class='post-entry post-entry-type-page post-entry-1710'><div class='entry-content-wrapper clearfix'>\n<div  class='flex_column av-jypgy-e6fb55e2ce92e0955307d8f6aead2602 av_one_full  avia-builder-el-3  el_before_av_three_fourth  avia-builder-el-first  first flex_column_div  '     ><style type=\"text\/css\" data-created_by=\"avia_inline_auto\" id=\"style-css-av-7q119-a61071985b1f28a1c11060f60478e083\">\n#top .av-special-heading.av-7q119-a61071985b1f28a1c11060f60478e083{\npadding-bottom:0;\n}\nbody .av-special-heading.av-7q119-a61071985b1f28a1c11060f60478e083 .av-special-heading-tag .heading-char{\nfont-size:25px;\n}\n.av-special-heading.av-7q119-a61071985b1f28a1c11060f60478e083 .av-subheading{\nfont-size:15px;\n}\n<\/style>\n<div  class='av-special-heading av-7q119-a61071985b1f28a1c11060f60478e083 av-special-heading-h2 blockquote modern-quote  avia-builder-el-4  avia-builder-el-no-sibling '><h2 class='av-special-heading-tag '  itemprop=\"headline\"  >Choisissez l\u2019h\u00e9bergement qui vous convient<\/h2><div class=\"special-heading-border\"><div class=\"special-heading-inner-border\"><\/div><\/div><\/div><\/div><div  class='flex_column av-jypgy-e6fb55e2ce92e0955307d8f6aead2602 av_three_fourth  avia-builder-el-5  el_after_av_one_full  el_before_av_one_fourth  first flex_column_div  column-top-margin'     ><section  class='av_textblock_section av-kcnpbl8f-42c216abe2f5b19953d96326e9ca6895 '   itemscope=\"itemscope\" itemtype=\"https:\/\/schema.org\/CreativeWork\" ><div class='avia_textblock'  itemprop=\"text\" >\n<\/div><\/section><\/div><div  class='flex_column av-jypgy-e7321c2c08d0cef532a3a8e2a6baee89 av_one_fourth  avia-builder-el-7  el_after_av_three_fourth  avia-builder-el-last  flex_column_div  column-top-margin'     ><\/div>\n<\/div><\/div><\/div><!-- close content main div --><\/div><\/div><div id='after_section_2'  class='main_color av_default_container_wrap container_wrap sidebar_right'  ><div class='container av-section-cont-open' ><div class='template-page content  av-content-small alpha units'><div class='post-entry post-entry-type-page post-entry-1710'><div class='entry-content-wrapper clearfix'><\/p>\n","protected":false},"excerpt":{"rendered":"","protected":false},"author":1,"featured_media":0,"parent":0,"menu_order":0,"comment_status":"open","ping_status":"open","template":"","meta":{"footnotes":""},"class_list":["post-1710","page","type-page","status-publish","hentry"],"yoast_head":"<!-- This site is optimized with the Yoast SEO plugin v27.4 - https:\/\/yoast.com\/product\/yoast-seo-wordpress\/ -->\n<title>Nos emplacements - Agricampeggio Padova<\/title>\n<meta name=\"description\" content=\"En fonction de vos besoins, nos emplacements sont adapt\u00e9s au camping en camping-car ou en caravane ou sous tente, prot\u00e9g\u00e9s par les bois environnants.\" \/>\n<meta name=\"robots\" content=\"index, follow, max-snippet:-1, max-image-preview:large, max-video-preview:-1\" \/>\n<link rel=\"canonical\" href=\"https:\/\/www.agricampeggiopadova.it\/fr\/les-emplacements\/\" \/>\n<meta property=\"og:locale\" content=\"fr_FR\" \/>\n<meta property=\"og:type\" content=\"article\" \/>\n<meta property=\"og:title\" content=\"Nos emplacements - Agricampeggio Padova\" \/>\n<meta property=\"og:description\" content=\"En fonction de vos besoins, nos emplacements sont adapt\u00e9s au camping en camping-car ou en caravane ou sous tente, prot\u00e9g\u00e9s par les bois environnants.\" \/>\n<meta property=\"og:url\" content=\"https:\/\/www.agricampeggiopadova.it\/fr\/les-emplacements\/\" \/>\n<meta property=\"og:site_name\" content=\"Agricampeggio Padova\" \/>\n<meta property=\"article:modified_time\" content=\"2022-09-16T06:46:41+00:00\" \/>\n<meta name=\"twitter:card\" content=\"summary_large_image\" \/>\n<meta name=\"twitter:label1\" content=\"Dur\u00e9e de lecture estim\u00e9e\" \/>\n\t<meta name=\"twitter:data1\" content=\"1 minute\" \/>\n<script type=\"application\/ld+json\" class=\"yoast-schema-graph\">{\"@context\":\"https:\\\/\\\/schema.org\",\"@graph\":[{\"@type\":\"WebPage\",\"@id\":\"https:\\\/\\\/www.agricampeggiopadova.it\\\/fr\\\/les-emplacements\\\/\",\"url\":\"https:\\\/\\\/www.agricampeggiopadova.it\\\/fr\\\/les-emplacements\\\/\",\"name\":\"Nos emplacements - Agricampeggio Padova\",\"isPartOf\":{\"@id\":\"https:\\\/\\\/www.agricampeggiopadova.it\\\/fr\\\/#website\"},\"datePublished\":\"2020-09-25T10:52:43+00:00\",\"dateModified\":\"2022-09-16T06:46:41+00:00\",\"description\":\"En fonction de vos besoins, nos emplacements sont adapt\u00e9s au camping en camping-car ou en caravane ou sous tente, prot\u00e9g\u00e9s par les bois environnants.\",\"breadcrumb\":{\"@id\":\"https:\\\/\\\/www.agricampeggiopadova.it\\\/fr\\\/les-emplacements\\\/#breadcrumb\"},\"inLanguage\":\"fr-FR\",\"potentialAction\":[{\"@type\":\"ReadAction\",\"target\":[\"https:\\\/\\\/www.agricampeggiopadova.it\\\/fr\\\/les-emplacements\\\/\"]}]},{\"@type\":\"BreadcrumbList\",\"@id\":\"https:\\\/\\\/www.agricampeggiopadova.it\\\/fr\\\/les-emplacements\\\/#breadcrumb\",\"itemListElement\":[{\"@type\":\"ListItem\",\"position\":1,\"name\":\"Home\",\"item\":\"https:\\\/\\\/www.agricampeggiopadova.it\\\/fr\\\/\"},{\"@type\":\"ListItem\",\"position\":2,\"name\":\"Les Emplacements\"}]},{\"@type\":\"WebSite\",\"@id\":\"https:\\\/\\\/www.agricampeggiopadova.it\\\/fr\\\/#website\",\"url\":\"https:\\\/\\\/www.agricampeggiopadova.it\\\/fr\\\/\",\"name\":\"Agricampeggio Padova\",\"description\":\"Un nuovo Campeggio immerso nella natura\",\"publisher\":{\"@id\":\"https:\\\/\\\/www.agricampeggiopadova.it\\\/fr\\\/#organization\"},\"potentialAction\":[{\"@type\":\"SearchAction\",\"target\":{\"@type\":\"EntryPoint\",\"urlTemplate\":\"https:\\\/\\\/www.agricampeggiopadova.it\\\/fr\\\/?s={search_term_string}\"},\"query-input\":{\"@type\":\"PropertyValueSpecification\",\"valueRequired\":true,\"valueName\":\"search_term_string\"}}],\"inLanguage\":\"fr-FR\"},{\"@type\":\"Organization\",\"@id\":\"https:\\\/\\\/www.agricampeggiopadova.it\\\/fr\\\/#organization\",\"name\":\"Agricampeggio Padova\",\"url\":\"https:\\\/\\\/www.agricampeggiopadova.it\\\/fr\\\/\",\"logo\":{\"@type\":\"ImageObject\",\"inLanguage\":\"fr-FR\",\"@id\":\"https:\\\/\\\/www.agricampeggiopadova.it\\\/fr\\\/#\\\/schema\\\/logo\\\/image\\\/\",\"url\":\"https:\\\/\\\/www.agricampeggiopadova.it\\\/wp-content\\\/uploads\\\/2020\\\/07\\\/logo-header-2.png\",\"contentUrl\":\"https:\\\/\\\/www.agricampeggiopadova.it\\\/wp-content\\\/uploads\\\/2020\\\/07\\\/logo-header-2.png\",\"width\":731,\"height\":350,\"caption\":\"Agricampeggio Padova\"},\"image\":{\"@id\":\"https:\\\/\\\/www.agricampeggiopadova.it\\\/fr\\\/#\\\/schema\\\/logo\\\/image\\\/\"}}]}<\/script>\n<!-- \/ Yoast SEO plugin. -->","yoast_head_json":{"title":"Nos emplacements - Agricampeggio Padova","description":"En fonction de vos besoins, nos emplacements sont adapt\u00e9s au camping en camping-car ou en caravane ou sous tente, prot\u00e9g\u00e9s par les bois environnants.","robots":{"index":"index","follow":"follow","max-snippet":"max-snippet:-1","max-image-preview":"max-image-preview:large","max-video-preview":"max-video-preview:-1"},"canonical":"https:\/\/www.agricampeggiopadova.it\/fr\/les-emplacements\/","og_locale":"fr_FR","og_type":"article","og_title":"Nos emplacements - Agricampeggio Padova","og_description":"En fonction de vos besoins, nos emplacements sont adapt\u00e9s au camping en camping-car ou en caravane ou sous tente, prot\u00e9g\u00e9s par les bois environnants.","og_url":"https:\/\/www.agricampeggiopadova.it\/fr\/les-emplacements\/","og_site_name":"Agricampeggio Padova","article_modified_time":"2022-09-16T06:46:41+00:00","twitter_card":"summary_large_image","twitter_misc":{"Dur\u00e9e de lecture estim\u00e9e":"1 minute"},"schema":{"@context":"https:\/\/schema.org","@graph":[{"@type":"WebPage","@id":"https:\/\/www.agricampeggiopadova.it\/fr\/les-emplacements\/","url":"https:\/\/www.agricampeggiopadova.it\/fr\/les-emplacements\/","name":"Nos emplacements - Agricampeggio Padova","isPartOf":{"@id":"https:\/\/www.agricampeggiopadova.it\/fr\/#website"},"datePublished":"2020-09-25T10:52:43+00:00","dateModified":"2022-09-16T06:46:41+00:00","description":"En fonction de vos besoins, nos emplacements sont adapt\u00e9s au camping en camping-car ou en caravane ou sous tente, prot\u00e9g\u00e9s par les bois environnants.","breadcrumb":{"@id":"https:\/\/www.agricampeggiopadova.it\/fr\/les-emplacements\/#breadcrumb"},"inLanguage":"fr-FR","potentialAction":[{"@type":"ReadAction","target":["https:\/\/www.agricampeggiopadova.it\/fr\/les-emplacements\/"]}]},{"@type":"BreadcrumbList","@id":"https:\/\/www.agricampeggiopadova.it\/fr\/les-emplacements\/#breadcrumb","itemListElement":[{"@type":"ListItem","position":1,"name":"Home","item":"https:\/\/www.agricampeggiopadova.it\/fr\/"},{"@type":"ListItem","position":2,"name":"Les Emplacements"}]},{"@type":"WebSite","@id":"https:\/\/www.agricampeggiopadova.it\/fr\/#website","url":"https:\/\/www.agricampeggiopadova.it\/fr\/","name":"Agricampeggio Padova","description":"Un nuovo Campeggio immerso nella natura","publisher":{"@id":"https:\/\/www.agricampeggiopadova.it\/fr\/#organization"},"potentialAction":[{"@type":"SearchAction","target":{"@type":"EntryPoint","urlTemplate":"https:\/\/www.agricampeggiopadova.it\/fr\/?s={search_term_string}"},"query-input":{"@type":"PropertyValueSpecification","valueRequired":true,"valueName":"search_term_string"}}],"inLanguage":"fr-FR"},{"@type":"Organization","@id":"https:\/\/www.agricampeggiopadova.it\/fr\/#organization","name":"Agricampeggio Padova","url":"https:\/\/www.agricampeggiopadova.it\/fr\/","logo":{"@type":"ImageObject","inLanguage":"fr-FR","@id":"https:\/\/www.agricampeggiopadova.it\/fr\/#\/schema\/logo\/image\/","url":"https:\/\/www.agricampeggiopadova.it\/wp-content\/uploads\/2020\/07\/logo-header-2.png","contentUrl":"https:\/\/www.agricampeggiopadova.it\/wp-content\/uploads\/2020\/07\/logo-header-2.png","width":731,"height":350,"caption":"Agricampeggio Padova"},"image":{"@id":"https:\/\/www.agricampeggiopadova.it\/fr\/#\/schema\/logo\/image\/"}}]}},"_links":{"self":[{"href":"https:\/\/www.agricampeggiopadova.it\/fr\/wp-json\/wp\/v2\/pages\/1710","targetHints":{"allow":["GET"]}}],"collection":[{"href":"https:\/\/www.agricampeggiopadova.it\/fr\/wp-json\/wp\/v2\/pages"}],"about":[{"href":"https:\/\/www.agricampeggiopadova.it\/fr\/wp-json\/wp\/v2\/types\/page"}],"author":[{"embeddable":true,"href":"https:\/\/www.agricampeggiopadova.it\/fr\/wp-json\/wp\/v2\/users\/1"}],"replies":[{"embeddable":true,"href":"https:\/\/www.agricampeggiopadova.it\/fr\/wp-json\/wp\/v2\/comments?post=1710"}],"version-history":[{"count":7,"href":"https:\/\/www.agricampeggiopadova.it\/fr\/wp-json\/wp\/v2\/pages\/1710\/revisions"}],"predecessor-version":[{"id":1717,"href":"https:\/\/www.agricampeggiopadova.it\/fr\/wp-json\/wp\/v2\/pages\/1710\/revisions\/1717"}],"wp:attachment":[{"href":"https:\/\/www.agricampeggiopadova.it\/fr\/wp-json\/wp\/v2\/media?parent=1710"}],"curies":[{"name":"wp","href":"https:\/\/api.w.org\/{rel}","templated":true}]}}