{"id":1822,"date":"2020-10-07T10:37:25","date_gmt":"2020-10-07T08:37:25","guid":{"rendered":"https:\/\/www.agricampeggiopadova.it\/stellplatz-fuer-wohnmobil\/"},"modified":"2025-06-11T16:11:13","modified_gmt":"2025-06-11T14:11:13","slug":"stellplatz-fuer-wohnmobil","status":"publish","type":"page","link":"https:\/\/www.agricampeggiopadova.it\/de\/stellplatz-fuer-wohnmobil\/","title":{"rendered":"Stellplatz f\u00fcr Wohnmobil"},"content":{"rendered":"<div id='av_section_1'  class='avia-section av-19mdc1-c11515bd6ff2b0d63b7f5a977ab350a6 main_color avia-section-default avia-no-border-styling  avia-builder-el-0  avia-builder-el-no-sibling  avia-bg-style-scroll container_wrap sidebar_right'  ><div class='container av-section-cont-open' ><main  role=\"main\" itemprop=\"mainContentOfPage\"  class='template-page content  av-content-small alpha units'><div class='post-entry post-entry-type-page post-entry-1822'><div class='entry-content-wrapper clearfix'>\n\n<style type=\"text\/css\" data-created_by=\"avia_inline_auto\" id=\"style-css-av-10cvxl-f1ddcbf196b1e340a20ad608fa34b623\">\n.flex_column.av-10cvxl-f1ddcbf196b1e340a20ad608fa34b623{\nborder-radius:0px 0px 0px 0px;\npadding:0px 0px 0px 0px;\n}\n<\/style>\n<div  class='flex_column av-10cvxl-f1ddcbf196b1e340a20ad608fa34b623 av_one_fourth  avia-builder-el-1  el_before_av_three_fourth  avia-builder-el-first  first flex_column_div av-zero-column-padding  '     ><p><br \/>\n\n<style type=\"text\/css\" data-created_by=\"avia_inline_auto\" id=\"style-css-av-kc5rf3yl-c421a4a4fbae865947790142e8127550\">\n#top .hr.hr-invisible.av-kc5rf3yl-c421a4a4fbae865947790142e8127550{\nheight:50px;\n}\n<\/style>\n<div  class='hr av-kc5rf3yl-c421a4a4fbae865947790142e8127550 hr-invisible  avia-builder-el-3  el_after_av_codeblock  el_before_av_codeblock '><span class='hr-inner '><span class=\"hr-inner-style\"><\/span><\/span><\/div><br \/>\n<\/p><\/div>\n<style type=\"text\/css\" data-created_by=\"avia_inline_auto\" id=\"style-css-av-r3wa1-2bd5225de7a9a3ad9a72db0b84e20586\">\n.flex_column.av-r3wa1-2bd5225de7a9a3ad9a72db0b84e20586{\nborder-radius:0px 0px 0px 0px;\npadding:0px 0px 0px 0px;\n}\n<\/style>\n<div  class='flex_column av-r3wa1-2bd5225de7a9a3ad9a72db0b84e20586 av_three_fourth  avia-builder-el-5  el_after_av_one_fourth  avia-builder-el-last  flex_column_div av-zero-column-padding  '     ><p><div  class='avia-slideshow av-kc5rjusk-3a107ea8246e6e85ec803e53fc994446 avia-slideshow-entry_with_sidebar av_slideshow avia-slide-slider  avia-builder-el-6  el_before_av_heading  avia-builder-el-first  av-slideshow-ui av-control-default av-slideshow-autoplay av-loop-endless av-loop-manual-endless av-default-height-applied avia-slideshow-1' data-slideshow-options=\"{&quot;animation&quot;:&quot;slide&quot;,&quot;autoplay&quot;:true,&quot;loop_autoplay&quot;:&quot;endless&quot;,&quot;interval&quot;:5,&quot;loop_manual&quot;:&quot;manual-endless&quot;,&quot;autoplay_stopper&quot;:false,&quot;noNavigation&quot;:false,&quot;bg_slider&quot;:false,&quot;keep_padding&quot;:false,&quot;hoverpause&quot;:false,&quot;show_slide_delay&quot;:0}\"  itemprop=\"image\" itemscope=\"itemscope\" itemtype=\"https:\/\/schema.org\/ImageObject\" ><ul class='avia-slideshow-inner ' style='padding-bottom: 37.988165680473%;'><li  class='avia-slideshow-slide av-kc5rjusk-3a107ea8246e6e85ec803e53fc994446__0  av-single-slide slide-1 slide-odd'><div data-rel='slideshow-1' class='avia-slide-wrap '   ><img decoding=\"async\" fetchpriority=\"high\" class=\"wp-image-1379 avia-img-lazy-loading-not-1379\"  src=\"https:\/\/www.agricampeggiopadova.it\/wp-content\/uploads\/2020\/07\/piazzola-camper01-845x321.jpg\" width=\"845\" height=\"321\" title='Stellplatz f\u00fcr Wohnmobil' alt='Stellplatz f\u00fcr Wohnmobil'  itemprop=\"thumbnailUrl\"   \/><\/div><\/li><\/ul><\/div><br \/>\n\n<style type=\"text\/css\" data-created_by=\"avia_inline_auto\" id=\"style-css-av-frzv5-bc6d82cc8f5a999c07c098f47444dd79\">\n#top .av-special-heading.av-frzv5-bc6d82cc8f5a999c07c098f47444dd79{\npadding-bottom:10px;\n}\nbody .av-special-heading.av-frzv5-bc6d82cc8f5a999c07c098f47444dd79 .av-special-heading-tag .heading-char{\nfont-size:25px;\n}\n.av-special-heading.av-frzv5-bc6d82cc8f5a999c07c098f47444dd79 .av-subheading{\nfont-size:15px;\n}\n<\/style>\n<div  class='av-special-heading av-frzv5-bc6d82cc8f5a999c07c098f47444dd79 av-special-heading-h3 blockquote modern-quote  avia-builder-el-7  el_after_av_slideshow  el_before_av_textblock '><h3 class='av-special-heading-tag '  itemprop=\"headline\"  >Stellplatz f\u00fcr Wohnmobil oder Wohnwagen<\/h3><div class=\"special-heading-border\"><div class=\"special-heading-inner-border\"><\/div><\/div><\/div><br \/>\n<section  class='av_textblock_section av-75aoh-6c1924d7efae013314639f15bf9008e8 '   itemscope=\"itemscope\" itemtype=\"https:\/\/schema.org\/CreativeWork\" ><div class='avia_textblock'  itemprop=\"text\" ><p>Beschreibung der stellplatz<\/p>\n<ul>\n<li>Der Grundpreis beinhaltet: ein Wohnmobil oder einen Wohnwagen<\/li>\n<li>Maximal 6 Personen &#8211; Personentarif nicht im Preis inbegriffen<\/li>\n<li>Kein Mindestaufenthalt<\/li>\n<li>Bleiben Sie max. 7 Tage<\/li>\n<li>Elektrischer Strom (max. 6 Ampere)<\/li>\n<li>Zus\u00e4tzliche Dienstleistungen: Wohnmobilservice, Duschen (Verwendung mit Prepaid-Karte)<\/li>\n<\/ul>\n<\/div><\/section><br \/>\n\n<style type=\"text\/css\" data-created_by=\"avia_inline_auto\" id=\"style-css-av-738lt-214bbc13243606ce4162ac887470ce23\">\n#top .av-special-heading.av-738lt-214bbc13243606ce4162ac887470ce23{\npadding-bottom:10px;\n}\nbody .av-special-heading.av-738lt-214bbc13243606ce4162ac887470ce23 .av-special-heading-tag .heading-char{\nfont-size:25px;\n}\n.av-special-heading.av-738lt-214bbc13243606ce4162ac887470ce23 .av-subheading{\nfont-size:15px;\n}\n<\/style>\n<div  class='av-special-heading av-738lt-214bbc13243606ce4162ac887470ce23 av-special-heading-h3 blockquote modern-quote  avia-builder-el-9  el_after_av_textblock  el_before_av_textblock '><h3 class='av-special-heading-tag '  itemprop=\"headline\"  >Preise<\/h3><div class=\"special-heading-border\"><div class=\"special-heading-inner-border\"><\/div><\/div><\/div><br \/>\n<section  class='av_textblock_section av-75aoh-e2abeb654a9c5f6cf4c1ed54481e0031 '   itemscope=\"itemscope\" itemtype=\"https:\/\/schema.org\/CreativeWork\" ><div class='avia_textblock'  itemprop=\"text\" >\n<\/div><\/section><\/p><\/div><\/div><\/div><\/main><!-- close content main element --><\/div><\/div><div id='after_section_1'  class='main_color av_default_container_wrap container_wrap sidebar_right'  ><div class='container av-section-cont-open' ><div class='template-page content  av-content-small alpha units'><div class='post-entry post-entry-type-page post-entry-1822'><div class='entry-content-wrapper clearfix'>\n","protected":false},"excerpt":{"rendered":"","protected":false},"author":1,"featured_media":0,"parent":0,"menu_order":0,"comment_status":"closed","ping_status":"closed","template":"","meta":{"footnotes":""},"class_list":["post-1822","page","type-page","status-publish","hentry"],"yoast_head":"<!-- This site is optimized with the Yoast SEO plugin v27.5 - https:\/\/yoast.com\/product\/yoast-seo-wordpress\/ -->\n<title>Stellplatz f\u00fcr Wohnmobil oder Wohnwagen - Agricampeggio Padova<\/title>\n<meta name=\"description\" content=\"F\u00fcr Ihren Wohnwagen oder Wohnwagen stehen 60 Quadratmeter zur Verf\u00fcgung, die mit S\u00e4ulen mit Stromanschluss ausgestattet sind.\" \/>\n<meta name=\"robots\" content=\"index, follow, max-snippet:-1, max-image-preview:large, max-video-preview:-1\" \/>\n<link rel=\"canonical\" href=\"https:\/\/www.agricampeggiopadova.it\/de\/stellplatz-fuer-wohnmobil\/\" \/>\n<meta property=\"og:locale\" content=\"de_DE\" \/>\n<meta property=\"og:type\" content=\"article\" \/>\n<meta property=\"og:title\" content=\"Stellplatz f\u00fcr Wohnmobil oder Wohnwagen - Agricampeggio Padova\" \/>\n<meta property=\"og:description\" content=\"F\u00fcr Ihren Wohnwagen oder Wohnwagen stehen 60 Quadratmeter zur Verf\u00fcgung, die mit S\u00e4ulen mit Stromanschluss ausgestattet sind.\" \/>\n<meta property=\"og:url\" content=\"https:\/\/www.agricampeggiopadova.it\/de\/stellplatz-fuer-wohnmobil\/\" \/>\n<meta property=\"og:site_name\" content=\"Agricampeggio Padova\" \/>\n<meta property=\"article:modified_time\" content=\"2025-06-11T14:11:13+00:00\" \/>\n<meta name=\"twitter:card\" content=\"summary_large_image\" \/>\n<meta name=\"twitter:label1\" content=\"Gesch\u00e4tzte Lesezeit\" \/>\n\t<meta name=\"twitter:data1\" content=\"1\u00a0Minute\" \/>\n<script type=\"application\/ld+json\" class=\"yoast-schema-graph\">{\"@context\":\"https:\\\/\\\/schema.org\",\"@graph\":[{\"@type\":\"WebPage\",\"@id\":\"https:\\\/\\\/www.agricampeggiopadova.it\\\/de\\\/stellplatz-fuer-wohnmobil\\\/\",\"url\":\"https:\\\/\\\/www.agricampeggiopadova.it\\\/de\\\/stellplatz-fuer-wohnmobil\\\/\",\"name\":\"Stellplatz f\u00fcr Wohnmobil oder Wohnwagen - Agricampeggio Padova\",\"isPartOf\":{\"@id\":\"https:\\\/\\\/www.agricampeggiopadova.it\\\/de\\\/#website\"},\"datePublished\":\"2020-10-07T08:37:25+00:00\",\"dateModified\":\"2025-06-11T14:11:13+00:00\",\"description\":\"F\u00fcr Ihren Wohnwagen oder Wohnwagen stehen 60 Quadratmeter zur Verf\u00fcgung, die mit S\u00e4ulen mit Stromanschluss ausgestattet sind.\",\"breadcrumb\":{\"@id\":\"https:\\\/\\\/www.agricampeggiopadova.it\\\/de\\\/stellplatz-fuer-wohnmobil\\\/#breadcrumb\"},\"inLanguage\":\"de\",\"potentialAction\":[{\"@type\":\"ReadAction\",\"target\":[\"https:\\\/\\\/www.agricampeggiopadova.it\\\/de\\\/stellplatz-fuer-wohnmobil\\\/\"]}]},{\"@type\":\"BreadcrumbList\",\"@id\":\"https:\\\/\\\/www.agricampeggiopadova.it\\\/de\\\/stellplatz-fuer-wohnmobil\\\/#breadcrumb\",\"itemListElement\":[{\"@type\":\"ListItem\",\"position\":1,\"name\":\"Home\",\"item\":\"https:\\\/\\\/www.agricampeggiopadova.it\\\/de\\\/startseite-2\\\/\"},{\"@type\":\"ListItem\",\"position\":2,\"name\":\"Stellplatz f\u00fcr Wohnmobil\"}]},{\"@type\":\"WebSite\",\"@id\":\"https:\\\/\\\/www.agricampeggiopadova.it\\\/de\\\/#website\",\"url\":\"https:\\\/\\\/www.agricampeggiopadova.it\\\/de\\\/\",\"name\":\"Agricampeggio Padova\",\"description\":\"Un nuovo Campeggio immerso nella natura\",\"publisher\":{\"@id\":\"https:\\\/\\\/www.agricampeggiopadova.it\\\/de\\\/#organization\"},\"potentialAction\":[{\"@type\":\"SearchAction\",\"target\":{\"@type\":\"EntryPoint\",\"urlTemplate\":\"https:\\\/\\\/www.agricampeggiopadova.it\\\/de\\\/?s={search_term_string}\"},\"query-input\":{\"@type\":\"PropertyValueSpecification\",\"valueRequired\":true,\"valueName\":\"search_term_string\"}}],\"inLanguage\":\"de\"},{\"@type\":\"Organization\",\"@id\":\"https:\\\/\\\/www.agricampeggiopadova.it\\\/de\\\/#organization\",\"name\":\"Agricampeggio Padova\",\"url\":\"https:\\\/\\\/www.agricampeggiopadova.it\\\/de\\\/\",\"logo\":{\"@type\":\"ImageObject\",\"inLanguage\":\"de\",\"@id\":\"https:\\\/\\\/www.agricampeggiopadova.it\\\/de\\\/#\\\/schema\\\/logo\\\/image\\\/\",\"url\":\"https:\\\/\\\/www.agricampeggiopadova.it\\\/wp-content\\\/uploads\\\/2020\\\/07\\\/logo-header-2.png\",\"contentUrl\":\"https:\\\/\\\/www.agricampeggiopadova.it\\\/wp-content\\\/uploads\\\/2020\\\/07\\\/logo-header-2.png\",\"width\":731,\"height\":350,\"caption\":\"Agricampeggio Padova\"},\"image\":{\"@id\":\"https:\\\/\\\/www.agricampeggiopadova.it\\\/de\\\/#\\\/schema\\\/logo\\\/image\\\/\"}}]}<\/script>\n<!-- \/ Yoast SEO plugin. -->","yoast_head_json":{"title":"Stellplatz f\u00fcr Wohnmobil oder Wohnwagen - Agricampeggio Padova","description":"F\u00fcr Ihren Wohnwagen oder Wohnwagen stehen 60 Quadratmeter zur Verf\u00fcgung, die mit S\u00e4ulen mit Stromanschluss ausgestattet sind.","robots":{"index":"index","follow":"follow","max-snippet":"max-snippet:-1","max-image-preview":"max-image-preview:large","max-video-preview":"max-video-preview:-1"},"canonical":"https:\/\/www.agricampeggiopadova.it\/de\/stellplatz-fuer-wohnmobil\/","og_locale":"de_DE","og_type":"article","og_title":"Stellplatz f\u00fcr Wohnmobil oder Wohnwagen - Agricampeggio Padova","og_description":"F\u00fcr Ihren Wohnwagen oder Wohnwagen stehen 60 Quadratmeter zur Verf\u00fcgung, die mit S\u00e4ulen mit Stromanschluss ausgestattet sind.","og_url":"https:\/\/www.agricampeggiopadova.it\/de\/stellplatz-fuer-wohnmobil\/","og_site_name":"Agricampeggio Padova","article_modified_time":"2025-06-11T14:11:13+00:00","twitter_card":"summary_large_image","twitter_misc":{"Gesch\u00e4tzte Lesezeit":"1\u00a0Minute"},"schema":{"@context":"https:\/\/schema.org","@graph":[{"@type":"WebPage","@id":"https:\/\/www.agricampeggiopadova.it\/de\/stellplatz-fuer-wohnmobil\/","url":"https:\/\/www.agricampeggiopadova.it\/de\/stellplatz-fuer-wohnmobil\/","name":"Stellplatz f\u00fcr Wohnmobil oder Wohnwagen - Agricampeggio Padova","isPartOf":{"@id":"https:\/\/www.agricampeggiopadova.it\/de\/#website"},"datePublished":"2020-10-07T08:37:25+00:00","dateModified":"2025-06-11T14:11:13+00:00","description":"F\u00fcr Ihren Wohnwagen oder Wohnwagen stehen 60 Quadratmeter zur Verf\u00fcgung, die mit S\u00e4ulen mit Stromanschluss ausgestattet sind.","breadcrumb":{"@id":"https:\/\/www.agricampeggiopadova.it\/de\/stellplatz-fuer-wohnmobil\/#breadcrumb"},"inLanguage":"de","potentialAction":[{"@type":"ReadAction","target":["https:\/\/www.agricampeggiopadova.it\/de\/stellplatz-fuer-wohnmobil\/"]}]},{"@type":"BreadcrumbList","@id":"https:\/\/www.agricampeggiopadova.it\/de\/stellplatz-fuer-wohnmobil\/#breadcrumb","itemListElement":[{"@type":"ListItem","position":1,"name":"Home","item":"https:\/\/www.agricampeggiopadova.it\/de\/startseite-2\/"},{"@type":"ListItem","position":2,"name":"Stellplatz f\u00fcr Wohnmobil"}]},{"@type":"WebSite","@id":"https:\/\/www.agricampeggiopadova.it\/de\/#website","url":"https:\/\/www.agricampeggiopadova.it\/de\/","name":"Agricampeggio Padova","description":"Un nuovo Campeggio immerso nella natura","publisher":{"@id":"https:\/\/www.agricampeggiopadova.it\/de\/#organization"},"potentialAction":[{"@type":"SearchAction","target":{"@type":"EntryPoint","urlTemplate":"https:\/\/www.agricampeggiopadova.it\/de\/?s={search_term_string}"},"query-input":{"@type":"PropertyValueSpecification","valueRequired":true,"valueName":"search_term_string"}}],"inLanguage":"de"},{"@type":"Organization","@id":"https:\/\/www.agricampeggiopadova.it\/de\/#organization","name":"Agricampeggio Padova","url":"https:\/\/www.agricampeggiopadova.it\/de\/","logo":{"@type":"ImageObject","inLanguage":"de","@id":"https:\/\/www.agricampeggiopadova.it\/de\/#\/schema\/logo\/image\/","url":"https:\/\/www.agricampeggiopadova.it\/wp-content\/uploads\/2020\/07\/logo-header-2.png","contentUrl":"https:\/\/www.agricampeggiopadova.it\/wp-content\/uploads\/2020\/07\/logo-header-2.png","width":731,"height":350,"caption":"Agricampeggio Padova"},"image":{"@id":"https:\/\/www.agricampeggiopadova.it\/de\/#\/schema\/logo\/image\/"}}]}},"_links":{"self":[{"href":"https:\/\/www.agricampeggiopadova.it\/de\/wp-json\/wp\/v2\/pages\/1822","targetHints":{"allow":["GET"]}}],"collection":[{"href":"https:\/\/www.agricampeggiopadova.it\/de\/wp-json\/wp\/v2\/pages"}],"about":[{"href":"https:\/\/www.agricampeggiopadova.it\/de\/wp-json\/wp\/v2\/types\/page"}],"author":[{"embeddable":true,"href":"https:\/\/www.agricampeggiopadova.it\/de\/wp-json\/wp\/v2\/users\/1"}],"replies":[{"embeddable":true,"href":"https:\/\/www.agricampeggiopadova.it\/de\/wp-json\/wp\/v2\/comments?post=1822"}],"version-history":[{"count":7,"href":"https:\/\/www.agricampeggiopadova.it\/de\/wp-json\/wp\/v2\/pages\/1822\/revisions"}],"predecessor-version":[{"id":2385,"href":"https:\/\/www.agricampeggiopadova.it\/de\/wp-json\/wp\/v2\/pages\/1822\/revisions\/2385"}],"wp:attachment":[{"href":"https:\/\/www.agricampeggiopadova.it\/de\/wp-json\/wp\/v2\/media?parent=1822"}],"curies":[{"name":"wp","href":"https:\/\/api.w.org\/{rel}","templated":true}]}}