{"id":1794,"date":"2020-10-07T08:38:26","date_gmt":"2020-10-07T06:38:26","guid":{"rendered":"https:\/\/www.agricampeggiopadova.it\/startseite\/"},"modified":"2026-01-15T23:59:13","modified_gmt":"2026-01-15T22:59:13","slug":"startseite-2","status":"publish","type":"page","link":"https:\/\/www.agricampeggiopadova.it\/de\/","title":{"rendered":"Startseite"},"content":{"rendered":"<div id='full_slider_1'  class='avia-fullwidth-slider main_color avia-shadow   avia-builder-el-0  el_before_av_section  avia-builder-el-first   container_wrap sidebar_right'  >\n<style type=\"text\/css\" data-created_by=\"avia_inline_auto\" id=\"style-css-av-kcn8727h-c1a5c012a567b9bd712c14f3f8f8ff08\">\n#top #wrap_all .avia-slideshow .av-slideshow-caption.av-kcn8727h-c1a5c012a567b9bd712c14f3f8f8ff08__0 .avia-caption-title{\nfont-size:48px;\n}\n#top .avia-slideshow .av-slideshow-caption.av-kcn8727h-c1a5c012a567b9bd712c14f3f8f8ff08__0 .avia-caption-content{\nfont-size:24px;\n}\n#top .avia-slideshow .av-slideshow-caption.av-kcn8727h-c1a5c012a567b9bd712c14f3f8f8ff08__0 .avia-caption-content p{\nfont-size:24px;\n}\n<\/style>\n<div  class='avia-slideshow av-kcn8727h-c1a5c012a567b9bd712c14f3f8f8ff08 avia-slideshow-featured_large av_slideshow_full avia-fade-slider av-slideshow-ui av-control-default av-slideshow-autoplay av-loop-endless av-loop-manual-endless av-default-height-applied   avia-slideshow-1' data-slideshow-options=\"{&quot;animation&quot;:&quot;fade&quot;,&quot;autoplay&quot;:true,&quot;loop_autoplay&quot;:&quot;endless&quot;,&quot;interval&quot;:5,&quot;loop_manual&quot;:&quot;manual-endless&quot;,&quot;autoplay_stopper&quot;:false,&quot;noNavigation&quot;:false,&quot;bg_slider&quot;:false,&quot;keep_padding&quot;:false,&quot;hoverpause&quot;:false,&quot;show_slide_delay&quot;:0}\"  itemprop=\"image\" itemscope=\"itemscope\" itemtype=\"https:\/\/schema.org\/ImageObject\" ><ul class='avia-slideshow-inner ' style='padding-bottom: 42%;'><li  class='avia-slideshow-slide av-kcn8727h-c1a5c012a567b9bd712c14f3f8f8ff08__0  slide-1 slide-odd'><div data-rel='slideshow-1' class='avia-slide-wrap '   ><img decoding=\"async\" fetchpriority=\"high\" class=\"wp-image-1337 avia-img-lazy-loading-not-1337\"  src=\"https:\/\/www.agricampeggiopadova.it\/wp-content\/uploads\/2020\/07\/Padova-Prato-della-Valle1-1500x630.jpg\" width=\"1500\" height=\"630\" title='Wiese des Tales' alt='Wiese des Tales '  itemprop=\"thumbnailUrl\"   \/><div class='av-section-color-overlay' style='opacity: 0.1; background-color: #0a0a0a; '><\/div><\/div><\/li><li  class='avia-slideshow-slide av-kcn8727h-c1a5c012a567b9bd712c14f3f8f8ff08__1  slide-2 slide-even'><div data-rel='slideshow-1' class='avia-slide-wrap '   ><img decoding=\"async\" fetchpriority=\"high\" class=\"wp-image-1340 avia-img-lazy-loading-not-1340\"  src=\"https:\/\/www.agricampeggiopadova.it\/wp-content\/uploads\/2020\/07\/home02-1500x630.jpg\" width=\"1500\" height=\"630\" title='Spiel- und Erholungsgebiet' alt='Spiel- und Erholungsgebiet'  itemprop=\"thumbnailUrl\"   \/><div class='av-section-color-overlay' style='opacity: 0.1; background-color: #0a0a0a; '><\/div><\/div><\/li><li  class='avia-slideshow-slide av-kcn8727h-c1a5c012a567b9bd712c14f3f8f8ff08__2  slide-3 slide-odd'><div data-rel='slideshow-1' class='avia-slide-wrap '   ><img decoding=\"async\" fetchpriority=\"high\" class=\"wp-image-1343 avia-img-lazy-loading-not-1343\"  src=\"https:\/\/www.agricampeggiopadova.it\/wp-content\/uploads\/2020\/07\/home03-1500x630.jpg\" width=\"1500\" height=\"630\" title='Produkte aus dem Garten' alt='Produkte aus dem Garten'  itemprop=\"thumbnailUrl\"   \/><div class='av-section-color-overlay' style='opacity: 0.1; background-color: #0a0a0a; '><\/div><\/div><\/li><\/ul><div class='avia-slideshow-arrows avia-slideshow-controls' ><a href='#prev' class='prev-slide ' aria-hidden='true' data-av_icon='\ue87c' data-av_iconfont='entypo-fontello'  tabindex='-1'>Zur\u00fcck<\/a><a href='#next' class='next-slide ' aria-hidden='true' data-av_icon='\ue87d' data-av_iconfont='entypo-fontello'  tabindex='-1'>Weiter<\/a><\/div><div class='avia-slideshow-dots avia-slideshow-controls'><a href='#1' class='goto-slide active' >1<\/a><a href='#2' class='goto-slide ' >2<\/a><a href='#3' class='goto-slide ' >3<\/a><\/div><div class='av-slideshow-caption av-kcn8727h-c1a5c012a567b9bd712c14f3f8f8ff08__0 caption_fullwidth caption_center caption_center_framed caption_framed'><div class=\"container caption_container\"><div class=\"slideshow_caption\"><div class=\"slideshow_inner_caption\"><div class=\"slideshow_align_caption\"><h2 class='avia-caption-title '  itemprop=\"name\" ><em>Agri<\/em>Campeggio Padova<\/h2><div class='avia-caption-content av_inherit_color'  itemprop=\"description\" ><p>Ein neu ausgestatteter Rastplatz, der Gastfreundschaft auf weiten Fl\u00e4chen bietet.<\/p>\n<\/div><a href='https:\/\/www.agricampeggiopadova.it\/de\/campingplatz\/'  class='avia-slideshow-button avia-button avia-color-blue avia-multi-slideshow-button' data-duration='800' data-easing='easeInOutQuad'>Der Campingplatz<\/a><a href='https:\/\/www.agricampeggiopadova.it\/de\/buchen-sie-jetzt\/'  class='avia-slideshow-button avia-button avia-color-silver avia-multi-slideshow-button avia-slideshow-button-2' data-duration='800' data-easing='easeInOutQuad'>Buchen Sie jetzt<\/a><\/div><\/div><\/div><\/div><\/div><\/div><\/div>\n\n<style type=\"text\/css\" data-created_by=\"avia_inline_auto\" id=\"style-css-av-jl7a3-3b101cc3583221d9f6ff35d512be55e2\">\n.avia-section.av-jl7a3-3b101cc3583221d9f6ff35d512be55e2{\nbackground-color:#f7f7f7;\nbackground-image:unset;\nmargin-top:0px;\nmargin-bottom:0px;\n}\n<\/style>\n<div id='av_section_1'  class='avia-section av-jl7a3-3b101cc3583221d9f6ff35d512be55e2 main_color avia-section-small avia-no-border-styling  avia-builder-el-1  el_after_av_slideshow_full  el_before_av_section  avia-bg-style-scroll container_wrap sidebar_right'  ><div class='container av-section-cont-open' ><div class='template-page content  av-content-small alpha units'><div class='post-entry post-entry-type-page post-entry-1794'><div class='entry-content-wrapper clearfix'>\n<div  class='flex_column av-1v11v-0ece1a8055ee18709e07680ce81f5178 av_one_full  avia-builder-el-2  avia-builder-el-no-sibling  first flex_column_div  '     ><section  class='av_textblock_section av-esf7v-c6d36ed338f7dae4f78b7922fa2d4795 '   itemscope=\"itemscope\" itemtype=\"https:\/\/schema.org\/CreativeWork\" ><div class='avia_textblock'  itemprop=\"text\" >\n<\/div><\/section><\/div>\n\n<\/div><\/div><\/div><!-- close content main div --><\/div><\/div>\n<style type=\"text\/css\" data-created_by=\"avia_inline_auto\" id=\"style-css-av-jl7a3-7-79ba86d2f90d73ac9c0dec4ec3d6a15c\">\n.avia-section.av-jl7a3-7-79ba86d2f90d73ac9c0dec4ec3d6a15c{\nmargin-top:0px;\nmargin-bottom:0px;\n}\n<\/style>\n<div id='av_section_2'  class='avia-section av-jl7a3-7-79ba86d2f90d73ac9c0dec4ec3d6a15c main_color avia-section-large avia-no-border-styling  avia-builder-el-4  el_after_av_section  el_before_av_section  avia-bg-style-scroll container_wrap sidebar_right'  ><div class='container av-section-cont-open' ><div class='template-page content  av-content-small alpha units'><div class='post-entry post-entry-type-page post-entry-1794'><div class='entry-content-wrapper clearfix'>\n<div  class='flex_column av-fnw37-ec3d73cf770a15af33f4e6ad9739ce34 av_one_full  avia-builder-el-5  avia-builder-el-no-sibling  first flex_column_div  '     ><p>\n<style type=\"text\/css\" data-created_by=\"avia_inline_auto\" id=\"style-css-av-ltswykrj-0147386029e50a8beae68490e0f5de9c\">\n#top .av-special-heading.av-ltswykrj-0147386029e50a8beae68490e0f5de9c{\npadding-bottom:0;\nfont-size:36px;\n}\nbody .av-special-heading.av-ltswykrj-0147386029e50a8beae68490e0f5de9c .av-special-heading-tag .heading-char{\nfont-size:25px;\n}\n#top #wrap_all .av-special-heading.av-ltswykrj-0147386029e50a8beae68490e0f5de9c .av-special-heading-tag{\nfont-size:36px;\n}\n.av-special-heading.av-ltswykrj-0147386029e50a8beae68490e0f5de9c .av-subheading{\nfont-size:20px;\n}\n\n@media only screen and (min-width: 480px) and (max-width: 767px){ \n#top #wrap_all .av-special-heading.av-ltswykrj-0147386029e50a8beae68490e0f5de9c .av-special-heading-tag{\nfont-size:0.8em;\n}\n}\n\n@media only screen and (max-width: 479px){ \n#top #wrap_all .av-special-heading.av-ltswykrj-0147386029e50a8beae68490e0f5de9c .av-special-heading-tag{\nfont-size:0.8em;\n}\n}\n<\/style>\n<div  class='av-special-heading av-ltswykrj-0147386029e50a8beae68490e0f5de9c av-special-heading-h2 blockquote modern-quote modern-centered  avia-builder-el-6  el_before_av_hr  avia-builder-el-first  av-inherit-size'><h2 class='av-special-heading-tag '  itemprop=\"headline\"  ><b>\u00d6ffnung <em>Agri<\/em>Campeggio<\/b> Padova<\/h2><div class='av-subheading av-subheading_below'><p><b><\/b><\/p>\n<p><strong><span style=\"color: #ff0000;\">Bitte beachten Sie, dass der Campingplatz ab dem 01.03.2026 ge\u00f6ffnet ist.<br \/>\nNEUE PREISLISTE 2026<br \/>\nES IST M\u00d6GLICH, RESERVIERUNGEN ONLINE ODER KONTAKT MIT DEM CAMPINGSEKRETARIAT VORZUNEHMEN \u2013 info@agricampeggiopadova.it<br \/>\nDANKE, DIE GESCH\u00c4FTSLEITUNG.<\/p>\n<\/div><div class=\"special-heading-border\"><div class=\"special-heading-inner-border\"><\/div><\/div><\/div><\/span><\/strong><\/p>\n<p><div  class='hr av-kc5qqkzl-cdb9a3396727ab39fc023d10eef01054 hr-short  avia-builder-el-7  el_after_av_heading  el_before_av_textblock  hr-center'><span class='hr-inner '><span class=\"hr-inner-style\"><\/span><\/span><\/div><br \/>\n<section  class='av_textblock_section av-esf7v-6-e4bedc9098baec8f8aa5245273b869b3 '   itemscope=\"itemscope\" itemtype=\"https:\/\/schema.org\/CreativeWork\" ><div class='avia_textblock'  itemprop=\"text\" ><p><em><strong>AgriCampeggio Padova<\/strong> <\/em>ist ein neu ausgestatteter Rastplatz inmitten eines Parks, der Gastfreundschaft auf weitl\u00e4ufigen Fl\u00e4chen in der N\u00e4he des historischen Zentrums der Stadt Padua bietet.<\/p>\n<p>Es handelt sich um einen neu erbauten Bereich, der von einem bewaldeten Park mit zwanzig Jahre alten Pflanzen umgeben ist, der so konzipiert ist, dass er den G\u00e4sten Komfort bietet und mit Systemen ausgestattet ist, die den unabh\u00e4ngigen Zugang zu Dienstleistungen durch die Verwendung von Karten garantieren.<\/p>\n<p>Die Lage des Campingplatzes erm\u00f6glicht es Ihnen, die Stadt Padua bequem zu besuchen und ihre k\u00fcnstlerischen, kulturellen und historischen Sch\u00f6nheiten zu entdecken.<\/p>\n<p>F\u00fcr Informationen zu Aktionen oder \u00d6ffnungszeiten des Agricamping k\u00f6nnen Sie sich per E-Mail an die Gesch\u00e4ftsleitung wenden<\/p>\n<\/div><\/section><br \/>\n\n<style type=\"text\/css\" data-created_by=\"avia_inline_auto\" id=\"style-css-av-kcofi3uh-248c1873722f39401b8cd50e10ab16fe\">\n#top .hr.hr-invisible.av-kcofi3uh-248c1873722f39401b8cd50e10ab16fe{\nheight:20px;\n}\n<\/style>\n<div  class='hr av-kcofi3uh-248c1873722f39401b8cd50e10ab16fe hr-invisible  avia-builder-el-9  el_after_av_textblock  el_before_av_textblock '><span class='hr-inner '><span class=\"hr-inner-style\"><\/span><\/span><\/div><br \/>\n<section  class='av_textblock_section av-esf7v-3-6921eccaa9c3d47e619eb549e0701ec9 '   itemscope=\"itemscope\" itemtype=\"https:\/\/schema.org\/CreativeWork\" ><div class='avia_textblock'  itemprop=\"text\" ><p style=\"text-align: center;\"><strong>Ge\u00f6ffnet ab 15. Juli 2020<\/strong><\/p>\n<\/div><\/section><\/p><\/div><\/div><\/div><\/div><!-- close content main div --><\/div><\/div>\n<style type=\"text\/css\" data-created_by=\"avia_inline_auto\" id=\"style-css-av-jl7a3-5-c3ad079375577a584de6dfaaf2f9d947\">\n.avia-section.av-jl7a3-5-c3ad079375577a584de6dfaaf2f9d947{\nbackground-repeat:no-repeat;\nbackground-image:url(https:\/\/www.agricampeggiopadova.it\/wp-content\/uploads\/2020\/07\/bg-orto.jpg);\nbackground-position:50% 50%;\nbackground-attachment:fixed;\n}\n.avia-section.av-jl7a3-5-c3ad079375577a584de6dfaaf2f9d947 .av-section-color-overlay{\nopacity:0.4;\nbackground-color:#0a0a0a;\n}\n<\/style>\n<div id='av_section_3'  class='avia-section av-jl7a3-5-c3ad079375577a584de6dfaaf2f9d947 main_color avia-section-large avia-no-border-styling  avia-builder-el-11  el_after_av_section  avia-builder-el-last  avia-full-stretch avia-bg-style-fixed av-section-color-overlay-active container_wrap sidebar_right'  data-section-bg-repeat='stretch'><div class=\"av-section-color-overlay-wrap\"><div class=\"av-section-color-overlay\"><\/div><div class='container av-section-cont-open' ><div class='template-page content  av-content-small alpha units'><div class='post-entry post-entry-type-page post-entry-1794'><div class='entry-content-wrapper clearfix'>\n<div  class='flex_column av-fnw37-4-6ac69a7899f7ef6988e329d3906e7703 av_one_full  avia-builder-el-12  avia-builder-el-no-sibling  first flex_column_div  '     ><style type=\"text\/css\" data-created_by=\"avia_inline_auto\" id=\"style-css-av-11ri3-7a52984f58e53eb4636d4efb29246626\">\n#top .av-special-heading.av-11ri3-7a52984f58e53eb4636d4efb29246626{\npadding-bottom:0;\ncolor:#ffffff;\n}\nbody .av-special-heading.av-11ri3-7a52984f58e53eb4636d4efb29246626 .av-special-heading-tag .heading-char{\nfont-size:25px;\n}\n.av-special-heading.av-11ri3-7a52984f58e53eb4636d4efb29246626 .special-heading-inner-border{\nborder-color:#ffffff;\n}\n.av-special-heading.av-11ri3-7a52984f58e53eb4636d4efb29246626 .av-subheading{\nfont-size:15px;\n}\n<\/style>\n<div  class='av-special-heading av-11ri3-7a52984f58e53eb4636d4efb29246626 av-special-heading-h2 custom-color-heading blockquote modern-quote modern-centered  avia-builder-el-13  el_before_av_hr  avia-builder-el-first  av-thin-font'><h2 class='av-special-heading-tag '  itemprop=\"headline\"  >Ad-hoc-Dienstleistungen <strong>inmitten der Natur<\/strong><\/h2><div class='av_custom_color av-subheading av-subheading_below'><p>Kommen Sie zu Besuch!<\/p>\n<\/div><div class=\"special-heading-border\"><div class=\"special-heading-inner-border\"><\/div><\/div><\/div><br \/>\n\n<style type=\"text\/css\" data-created_by=\"avia_inline_auto\" id=\"style-css-av-kcofi3uh-2-7501503c3191b2570c25e3f3ff8ea0e5\">\n#top .hr.hr-invisible.av-kcofi3uh-2-7501503c3191b2570c25e3f3ff8ea0e5{\nheight:20px;\n}\n<\/style>\n<div  class='hr av-kcofi3uh-2-7501503c3191b2570c25e3f3ff8ea0e5 hr-invisible  avia-builder-el-14  el_after_av_heading  el_before_av_button '><span class='hr-inner '><span class=\"hr-inner-style\"><\/span><\/span><\/div><br \/>\n<div  class='avia-button-wrap av-15q3f-4b4b89fc82c47b6a3ead82be284d4745-wrap avia-button-center  avia-builder-el-15  el_after_av_hr  avia-builder-el-last '><a href='https:\/\/www.agricampeggiopadova.it\/de\/buchen-sie-jetzt\/'  class='avia-button av-15q3f-4b4b89fc82c47b6a3ead82be284d4745 av-link-btn avia-icon_select-yes-left-icon avia-size-large avia-position-center av-icon-on-hover avia-color-blue'   aria-label=\"Buchen Sie jetzt\"><span class='avia_button_icon avia_button_icon_left' aria-hidden='true' data-av_icon='\ue85b' data-av_iconfont='entypo-fontello'><\/span><span class='avia_iconbox_title' >Buchen Sie jetzt<\/span><\/a><\/div><\/p><\/div>\n<\/div><\/div><\/div><!-- close content main div --><\/div><\/div><\/div><div id='after_section_3'  class='main_color av_default_container_wrap container_wrap sidebar_right'  ><div class='container av-section-cont-open' ><div class='template-page content  av-content-small alpha units'><div class='post-entry post-entry-type-page post-entry-1794'><div class='entry-content-wrapper clearfix'><\/p>\n","protected":false},"excerpt":{"rendered":"","protected":false},"author":1,"featured_media":0,"parent":0,"menu_order":0,"comment_status":"open","ping_status":"open","template":"","meta":{"footnotes":""},"class_list":["post-1794","page","type-page","status-publish","hentry"],"yoast_head":"<!-- This site is optimized with the Yoast SEO plugin v27.4 - https:\/\/yoast.com\/product\/yoast-seo-wordpress\/ -->\n<title>AgriCampeggio Padova - Camping Venetien inmitten der Natur<\/title>\n<meta name=\"description\" content=\"Ein neuer Parkplatz f\u00fcr Wohnmobile, Wohnwagen und Zelte, der Gastfreundschaft auf weiten Fl\u00e4chen bietet, nur 3 km vom historischen Zentrum von Padua entfernt.\" \/>\n<meta name=\"robots\" content=\"index, follow, max-snippet:-1, max-image-preview:large, max-video-preview:-1\" \/>\n<link rel=\"canonical\" href=\"https:\/\/www.agricampeggiopadova.it\/de\/\" \/>\n<meta property=\"og:locale\" content=\"de_DE\" \/>\n<meta property=\"og:type\" content=\"article\" \/>\n<meta property=\"og:title\" content=\"AgriCampeggio Padova - Camping Venetien inmitten der Natur\" \/>\n<meta property=\"og:description\" content=\"Ein neuer Parkplatz f\u00fcr Wohnmobile, Wohnwagen und Zelte, der Gastfreundschaft auf weiten Fl\u00e4chen bietet, nur 3 km vom historischen Zentrum von Padua entfernt.\" \/>\n<meta property=\"og:url\" content=\"https:\/\/www.agricampeggiopadova.it\/de\/\" \/>\n<meta property=\"og:site_name\" content=\"Agricampeggio Padova\" \/>\n<meta property=\"article:modified_time\" content=\"2026-01-15T22:59:13+00:00\" \/>\n<meta name=\"twitter:card\" content=\"summary_large_image\" \/>\n<meta name=\"twitter:label1\" content=\"Gesch\u00e4tzte Lesezeit\" \/>\n\t<meta name=\"twitter:data1\" content=\"2\u00a0Minuten\" \/>\n<script type=\"application\/ld+json\" class=\"yoast-schema-graph\">{\"@context\":\"https:\\\/\\\/schema.org\",\"@graph\":[{\"@type\":\"WebPage\",\"@id\":\"https:\\\/\\\/www.agricampeggiopadova.it\\\/de\\\/\",\"url\":\"https:\\\/\\\/www.agricampeggiopadova.it\\\/de\\\/\",\"name\":\"AgriCampeggio Padova - Camping Venetien inmitten der Natur\",\"isPartOf\":{\"@id\":\"https:\\\/\\\/www.agricampeggiopadova.it\\\/de\\\/#website\"},\"datePublished\":\"2020-10-07T06:38:26+00:00\",\"dateModified\":\"2026-01-15T22:59:13+00:00\",\"description\":\"Ein neuer Parkplatz f\u00fcr Wohnmobile, Wohnwagen und Zelte, der Gastfreundschaft auf weiten Fl\u00e4chen bietet, nur 3 km vom historischen Zentrum von Padua entfernt.\",\"breadcrumb\":{\"@id\":\"https:\\\/\\\/www.agricampeggiopadova.it\\\/de\\\/#breadcrumb\"},\"inLanguage\":\"de\",\"potentialAction\":[{\"@type\":\"ReadAction\",\"target\":[\"https:\\\/\\\/www.agricampeggiopadova.it\\\/de\\\/\"]}]},{\"@type\":\"BreadcrumbList\",\"@id\":\"https:\\\/\\\/www.agricampeggiopadova.it\\\/de\\\/#breadcrumb\",\"itemListElement\":[{\"@type\":\"ListItem\",\"position\":1,\"name\":\"Home\",\"item\":\"https:\\\/\\\/www.agricampeggiopadova.it\\\/de\\\/startseite-2\\\/\"},{\"@type\":\"ListItem\",\"position\":2,\"name\":\"Startseite\"}]},{\"@type\":\"WebSite\",\"@id\":\"https:\\\/\\\/www.agricampeggiopadova.it\\\/de\\\/#website\",\"url\":\"https:\\\/\\\/www.agricampeggiopadova.it\\\/de\\\/\",\"name\":\"Agricampeggio Padova\",\"description\":\"Un nuovo Campeggio immerso nella natura\",\"publisher\":{\"@id\":\"https:\\\/\\\/www.agricampeggiopadova.it\\\/de\\\/#organization\"},\"potentialAction\":[{\"@type\":\"SearchAction\",\"target\":{\"@type\":\"EntryPoint\",\"urlTemplate\":\"https:\\\/\\\/www.agricampeggiopadova.it\\\/de\\\/?s={search_term_string}\"},\"query-input\":{\"@type\":\"PropertyValueSpecification\",\"valueRequired\":true,\"valueName\":\"search_term_string\"}}],\"inLanguage\":\"de\"},{\"@type\":\"Organization\",\"@id\":\"https:\\\/\\\/www.agricampeggiopadova.it\\\/de\\\/#organization\",\"name\":\"Agricampeggio Padova\",\"url\":\"https:\\\/\\\/www.agricampeggiopadova.it\\\/de\\\/\",\"logo\":{\"@type\":\"ImageObject\",\"inLanguage\":\"de\",\"@id\":\"https:\\\/\\\/www.agricampeggiopadova.it\\\/de\\\/#\\\/schema\\\/logo\\\/image\\\/\",\"url\":\"https:\\\/\\\/www.agricampeggiopadova.it\\\/wp-content\\\/uploads\\\/2020\\\/07\\\/logo-header-2.png\",\"contentUrl\":\"https:\\\/\\\/www.agricampeggiopadova.it\\\/wp-content\\\/uploads\\\/2020\\\/07\\\/logo-header-2.png\",\"width\":731,\"height\":350,\"caption\":\"Agricampeggio Padova\"},\"image\":{\"@id\":\"https:\\\/\\\/www.agricampeggiopadova.it\\\/de\\\/#\\\/schema\\\/logo\\\/image\\\/\"}}]}<\/script>\n<!-- \/ Yoast SEO plugin. -->","yoast_head_json":{"title":"AgriCampeggio Padova - Camping Venetien inmitten der Natur","description":"Ein neuer Parkplatz f\u00fcr Wohnmobile, Wohnwagen und Zelte, der Gastfreundschaft auf weiten Fl\u00e4chen bietet, nur 3 km vom historischen Zentrum von Padua entfernt.","robots":{"index":"index","follow":"follow","max-snippet":"max-snippet:-1","max-image-preview":"max-image-preview:large","max-video-preview":"max-video-preview:-1"},"canonical":"https:\/\/www.agricampeggiopadova.it\/de\/","og_locale":"de_DE","og_type":"article","og_title":"AgriCampeggio Padova - Camping Venetien inmitten der Natur","og_description":"Ein neuer Parkplatz f\u00fcr Wohnmobile, Wohnwagen und Zelte, der Gastfreundschaft auf weiten Fl\u00e4chen bietet, nur 3 km vom historischen Zentrum von Padua entfernt.","og_url":"https:\/\/www.agricampeggiopadova.it\/de\/","og_site_name":"Agricampeggio Padova","article_modified_time":"2026-01-15T22:59:13+00:00","twitter_card":"summary_large_image","twitter_misc":{"Gesch\u00e4tzte Lesezeit":"2\u00a0Minuten"},"schema":{"@context":"https:\/\/schema.org","@graph":[{"@type":"WebPage","@id":"https:\/\/www.agricampeggiopadova.it\/de\/","url":"https:\/\/www.agricampeggiopadova.it\/de\/","name":"AgriCampeggio Padova - Camping Venetien inmitten der Natur","isPartOf":{"@id":"https:\/\/www.agricampeggiopadova.it\/de\/#website"},"datePublished":"2020-10-07T06:38:26+00:00","dateModified":"2026-01-15T22:59:13+00:00","description":"Ein neuer Parkplatz f\u00fcr Wohnmobile, Wohnwagen und Zelte, der Gastfreundschaft auf weiten Fl\u00e4chen bietet, nur 3 km vom historischen Zentrum von Padua entfernt.","breadcrumb":{"@id":"https:\/\/www.agricampeggiopadova.it\/de\/#breadcrumb"},"inLanguage":"de","potentialAction":[{"@type":"ReadAction","target":["https:\/\/www.agricampeggiopadova.it\/de\/"]}]},{"@type":"BreadcrumbList","@id":"https:\/\/www.agricampeggiopadova.it\/de\/#breadcrumb","itemListElement":[{"@type":"ListItem","position":1,"name":"Home","item":"https:\/\/www.agricampeggiopadova.it\/de\/startseite-2\/"},{"@type":"ListItem","position":2,"name":"Startseite"}]},{"@type":"WebSite","@id":"https:\/\/www.agricampeggiopadova.it\/de\/#website","url":"https:\/\/www.agricampeggiopadova.it\/de\/","name":"Agricampeggio Padova","description":"Un nuovo Campeggio immerso nella natura","publisher":{"@id":"https:\/\/www.agricampeggiopadova.it\/de\/#organization"},"potentialAction":[{"@type":"SearchAction","target":{"@type":"EntryPoint","urlTemplate":"https:\/\/www.agricampeggiopadova.it\/de\/?s={search_term_string}"},"query-input":{"@type":"PropertyValueSpecification","valueRequired":true,"valueName":"search_term_string"}}],"inLanguage":"de"},{"@type":"Organization","@id":"https:\/\/www.agricampeggiopadova.it\/de\/#organization","name":"Agricampeggio Padova","url":"https:\/\/www.agricampeggiopadova.it\/de\/","logo":{"@type":"ImageObject","inLanguage":"de","@id":"https:\/\/www.agricampeggiopadova.it\/de\/#\/schema\/logo\/image\/","url":"https:\/\/www.agricampeggiopadova.it\/wp-content\/uploads\/2020\/07\/logo-header-2.png","contentUrl":"https:\/\/www.agricampeggiopadova.it\/wp-content\/uploads\/2020\/07\/logo-header-2.png","width":731,"height":350,"caption":"Agricampeggio Padova"},"image":{"@id":"https:\/\/www.agricampeggiopadova.it\/de\/#\/schema\/logo\/image\/"}}]}},"_links":{"self":[{"href":"https:\/\/www.agricampeggiopadova.it\/de\/wp-json\/wp\/v2\/pages\/1794","targetHints":{"allow":["GET"]}}],"collection":[{"href":"https:\/\/www.agricampeggiopadova.it\/de\/wp-json\/wp\/v2\/pages"}],"about":[{"href":"https:\/\/www.agricampeggiopadova.it\/de\/wp-json\/wp\/v2\/types\/page"}],"author":[{"embeddable":true,"href":"https:\/\/www.agricampeggiopadova.it\/de\/wp-json\/wp\/v2\/users\/1"}],"replies":[{"embeddable":true,"href":"https:\/\/www.agricampeggiopadova.it\/de\/wp-json\/wp\/v2\/comments?post=1794"}],"version-history":[{"count":25,"href":"https:\/\/www.agricampeggiopadova.it\/de\/wp-json\/wp\/v2\/pages\/1794\/revisions"}],"predecessor-version":[{"id":3533,"href":"https:\/\/www.agricampeggiopadova.it\/de\/wp-json\/wp\/v2\/pages\/1794\/revisions\/3533"}],"wp:attachment":[{"href":"https:\/\/www.agricampeggiopadova.it\/de\/wp-json\/wp\/v2\/media?parent=1794"}],"curies":[{"name":"wp","href":"https:\/\/api.w.org\/{rel}","templated":true}]}}